{"id":3360,"date":"2025-04-20T00:03:50","date_gmt":"2025-04-20T04:03:50","guid":{"rendered":"http:\/\/www.stickyricegames.com\/?page_id=3360"},"modified":"2025-04-20T09:45:32","modified_gmt":"2025-04-20T13:45:32","slug":"stronghold-warlords","status":"publish","type":"page","link":"https:\/\/www.stickyricegames.com\/es\/stronghold-warlords\/","title":{"rendered":"Stronghold: Warlords"},"content":{"rendered":"\t\t<div data-elementor-type=\"wp-page\" data-elementor-id=\"3360\" class=\"elementor elementor-3360 elementor-3318\" data-elementor-post-type=\"page\">\n\t\t\t\t<div class=\"elementor-element elementor-element-4c7a7c59 e-flex e-con-boxed e-con e-parent\" data-id=\"4c7a7c59\" data-element_type=\"container\" data-e-type=\"container\" data-settings=\"{&quot;background_background&quot;:&quot;slideshow&quot;,&quot;background_slideshow_gallery&quot;:[{&quot;id&quot;:&quot;3332&quot;,&quot;url&quot;:&quot;http:\\\/\\\/www.stickyricegames.com\\\/wp-content\\\/uploads\\\/2025\\\/04\\\/SW1-1.jpeg&quot;}],&quot;motion_fx_motion_fx_scrolling&quot;:&quot;yes&quot;,&quot;motion_fx_scale_effect&quot;:&quot;yes&quot;,&quot;background_slideshow_slide_duration&quot;:5000,&quot;background_slideshow_slide_transition&quot;:&quot;fade&quot;,&quot;background_slideshow_transition_duration&quot;:500,&quot;motion_fx_scale_direction&quot;:&quot;out-in&quot;,&quot;motion_fx_scale_speed&quot;:{&quot;unit&quot;:&quot;px&quot;,&quot;size&quot;:4,&quot;sizes&quot;:[]},&quot;motion_fx_scale_range&quot;:{&quot;unit&quot;:&quot;%&quot;,&quot;size&quot;:&quot;&quot;,&quot;sizes&quot;:{&quot;start&quot;:20,&quot;end&quot;:80}},&quot;motion_fx_devices&quot;:[&quot;desktop&quot;,&quot;tablet&quot;,&quot;mobile&quot;]}\">\n\t\t\t\t\t<div class=\"e-con-inner\">\n\t\t<div class=\"elementor-element elementor-element-28a40de5 e-con-full e-flex e-con e-child\" data-id=\"28a40de5\" data-element_type=\"container\" data-e-type=\"container\">\n\t\t\t\t<div class=\"elementor-element elementor-element-3e6d6f8f elementor-widget elementor-widget-heading\" data-id=\"3e6d6f8f\" data-element_type=\"widget\" data-e-type=\"widget\" data-widget_type=\"heading.default\">\n\t\t\t\t<div class=\"elementor-widget-container\">\n\t\t\t\t\t<p class=\"elementor-heading-title elementor-size-default\">Estudio de caso<\/p>\t\t\t\t<\/div>\n\t\t\t\t<\/div>\n\t\t\t\t<div class=\"elementor-element elementor-element-36e9af38 elementor-widget__width-initial elementor-widget elementor-widget-heading\" data-id=\"36e9af38\" data-element_type=\"widget\" data-e-type=\"widget\" data-widget_type=\"heading.default\">\n\t\t\t\t<div class=\"elementor-widget-container\">\n\t\t\t\t\t<h2 class=\"elementor-heading-title elementor-size-default\">Stronghold: Warlords<\/h2>\t\t\t\t<\/div>\n\t\t\t\t<\/div>\n\t\t\t\t<\/div>\n\t\t<div class=\"elementor-element elementor-element-2c98952d e-con-full e-flex e-con e-child\" data-id=\"2c98952d\" data-element_type=\"container\" data-e-type=\"container\">\n\t\t\t\t<div class=\"elementor-element elementor-element-2285c6cb elementor-mobile-align-center elementor-widget elementor-widget-button\" data-id=\"2285c6cb\" data-element_type=\"widget\" data-e-type=\"widget\" data-widget_type=\"button.default\">\n\t\t\t\t<div class=\"elementor-widget-container\">\n\t\t\t\t\t\t\t\t\t<div class=\"elementor-button-wrapper\">\n\t\t\t\t\t<a class=\"elementor-button elementor-button-link elementor-size-sm\" href=\"https:\/\/store.steampowered.com\/app\/907650\/Stronghold_Warlords\/\">\n\t\t\t\t\t\t<span class=\"elementor-button-content-wrapper\">\n\t\t\t\t\t\t<span class=\"elementor-button-icon\">\n\t\t\t\t<svg aria-hidden=\"true\" class=\"e-font-icon-svg e-fas-gamepad\" viewBox=\"0 0 640 512\" xmlns=\"http:\/\/www.w3.org\/2000\/svg\"><path d=\"M480.07 96H160a160 160 0 1 0 114.24 272h91.52A160 160 0 1 0 480.07 96zM248 268a12 12 0 0 1-12 12h-52v52a12 12 0 0 1-12 12h-24a12 12 0 0 1-12-12v-52H84a12 12 0 0 1-12-12v-24a12 12 0 0 1 12-12h52v-52a12 12 0 0 1 12-12h24a12 12 0 0 1 12 12v52h52a12 12 0 0 1 12 12zm216 76a40 40 0 1 1 40-40 40 40 0 0 1-40 40zm64-96a40 40 0 1 1 40-40 40 40 0 0 1-40 40z\"><\/path><\/svg>\t\t\t<\/span>\n\t\t\t\t\t\t\t\t\t<span class=\"elementor-button-text\">Tienda en l\u00ednea<\/span>\n\t\t\t\t\t<\/span>\n\t\t\t\t\t<\/a>\n\t\t\t\t<\/div>\n\t\t\t\t\t\t\t\t<\/div>\n\t\t\t\t<\/div>\n\t\t\t\t<\/div>\n\t\t\t\t\t<\/div>\n\t\t\t\t<\/div>\n\t\t<div class=\"elementor-element elementor-element-193da602 e-flex e-con-boxed e-con e-parent\" data-id=\"193da602\" data-element_type=\"container\" data-e-type=\"container\" data-settings=\"{&quot;background_background&quot;:&quot;gradient&quot;}\">\n\t\t\t\t\t<div class=\"e-con-inner\">\n\t\t<div class=\"elementor-element elementor-element-78201f68 e-grid e-con-full e-con e-child\" data-id=\"78201f68\" data-element_type=\"container\" data-e-type=\"container\">\n\t\t\t\t<div class=\"elementor-element elementor-element-35a99120 elementor-icon-list--layout-traditional elementor-list-item-link-full_width elementor-widget elementor-widget-icon-list\" data-id=\"35a99120\" data-element_type=\"widget\" data-e-type=\"widget\" data-widget_type=\"icon-list.default\">\n\t\t\t\t<div class=\"elementor-widget-container\">\n\t\t\t\t\t\t\t<ul class=\"elementor-icon-list-items\">\n\t\t\t\t\t\t\t<li class=\"elementor-icon-list-item\">\n\t\t\t\t\t\t\t\t\t\t\t<span class=\"elementor-icon-list-icon\">\n\t\t\t\t\t\t\t<svg aria-hidden=\"true\" class=\"e-font-icon-svg e-fas-language\" viewBox=\"0 0 640 512\" xmlns=\"http:\/\/www.w3.org\/2000\/svg\"><path d=\"M152.1 236.2c-3.5-12.1-7.8-33.2-7.8-33.2h-.5s-4.3 21.1-7.8 33.2l-11.1 37.5H163zM616 96H336v320h280c13.3 0 24-10.7 24-24V120c0-13.3-10.7-24-24-24zm-24 120c0 6.6-5.4 12-12 12h-11.4c-6.9 23.6-21.7 47.4-42.7 69.9 8.4 6.4 17.1 12.5 26.1 18 5.5 3.4 7.3 10.5 4.1 16.2l-7.9 13.9c-3.4 5.9-10.9 7.8-16.7 4.3-12.6-7.8-24.5-16.1-35.4-24.9-10.9 8.7-22.7 17.1-35.4 24.9-5.8 3.5-13.3 1.6-16.7-4.3l-7.9-13.9c-3.2-5.6-1.4-12.8 4.2-16.2 9.3-5.7 18-11.7 26.1-18-7.9-8.4-14.9-17-21-25.7-4-5.7-2.2-13.6 3.7-17.1l6.5-3.9 7.3-4.3c5.4-3.2 12.4-1.7 16 3.4 5 7 10.8 14 17.4 20.9 13.5-14.2 23.8-28.9 30-43.2H412c-6.6 0-12-5.4-12-12v-16c0-6.6 5.4-12 12-12h64v-16c0-6.6 5.4-12 12-12h16c6.6 0 12 5.4 12 12v16h64c6.6 0 12 5.4 12 12zM0 120v272c0 13.3 10.7 24 24 24h280V96H24c-13.3 0-24 10.7-24 24zm58.9 216.1L116.4 167c1.7-4.9 6.2-8.1 11.4-8.1h32.5c5.1 0 9.7 3.3 11.4 8.1l57.5 169.1c2.6 7.8-3.1 15.9-11.4 15.9h-22.9a12 12 0 0 1-11.5-8.6l-9.4-31.9h-60.2l-9.1 31.8c-1.5 5.1-6.2 8.7-11.5 8.7H70.3c-8.2 0-14-8.1-11.4-15.9z\"><\/path><\/svg>\t\t\t\t\t\t<\/span>\n\t\t\t\t\t\t\t\t\t\t<span class=\"elementor-icon-list-text\">Localizaci\u00f3n: Localizaci\u00f3n al japon\u00e9s<\/span>\n\t\t\t\t\t\t\t\t\t<\/li>\n\t\t\t\t\t\t<\/ul>\n\t\t\t\t\t\t<\/div>\n\t\t\t\t<\/div>\n\t\t\t\t<div class=\"elementor-element elementor-element-3872d28a elementor-icon-list--layout-traditional elementor-list-item-link-full_width elementor-widget elementor-widget-icon-list\" data-id=\"3872d28a\" data-element_type=\"widget\" data-e-type=\"widget\" data-widget_type=\"icon-list.default\">\n\t\t\t\t<div class=\"elementor-widget-container\">\n\t\t\t\t\t\t\t<ul class=\"elementor-icon-list-items\">\n\t\t\t\t\t\t\t<li class=\"elementor-icon-list-item\">\n\t\t\t\t\t\t\t\t\t\t\t<span class=\"elementor-icon-list-icon\">\n\t\t\t\t\t\t\t<svg aria-hidden=\"true\" class=\"e-font-icon-svg e-fas-lightbulb\" viewBox=\"0 0 352 512\" xmlns=\"http:\/\/www.w3.org\/2000\/svg\"><path d=\"M96.06 454.35c.01 6.29 1.87 12.45 5.36 17.69l17.09 25.69a31.99 31.99 0 0 0 26.64 14.28h61.71a31.99 31.99 0 0 0 26.64-14.28l17.09-25.69a31.989 31.989 0 0 0 5.36-17.69l.04-38.35H96.01l.05 38.35zM0 176c0 44.37 16.45 84.85 43.56 115.78 16.52 18.85 42.36 58.23 52.21 91.45.04.26.07.52.11.78h160.24c.04-.26.07-.51.11-.78 9.85-33.22 35.69-72.6 52.21-91.45C335.55 260.85 352 220.37 352 176 352 78.61 272.91-.3 175.45 0 73.44.31 0 82.97 0 176zm176-80c-44.11 0-80 35.89-80 80 0 8.84-7.16 16-16 16s-16-7.16-16-16c0-61.76 50.24-112 112-112 8.84 0 16 7.16 16 16s-7.16 16-16 16z\"><\/path><\/svg>\t\t\t\t\t\t<\/span>\n\t\t\t\t\t\t\t\t\t\t<span class=\"elementor-icon-list-text\">Marketing: idioma japon\u00e9s<\/span>\n\t\t\t\t\t\t\t\t\t<\/li>\n\t\t\t\t\t\t<\/ul>\n\t\t\t\t\t\t<\/div>\n\t\t\t\t<\/div>\n\t\t\t\t<\/div>\n\t\t\t\t\t<\/div>\n\t\t\t\t<\/div>\n\t\t<div class=\"elementor-element elementor-element-20dc9177 e-flex e-con-boxed e-con e-parent\" data-id=\"20dc9177\" data-element_type=\"container\" data-e-type=\"container\" data-settings=\"{&quot;background_background&quot;:&quot;classic&quot;}\">\n\t\t\t\t\t<div class=\"e-con-inner\">\n\t\t\t\t<div class=\"elementor-element elementor-element-28999297 elementor-widget elementor-widget-text-editor\" data-id=\"28999297\" data-element_type=\"widget\" data-e-type=\"widget\" data-widget_type=\"text-editor.default\">\n\t\t\t\t<div class=\"elementor-widget-container\">\n\t\t\t\t\t\t\t\t\t<p>Stronghold es una venerable franquicia de juegos de estrategia en tiempo real para PC que se remonta a 2001.<\/p><p>Cuando Firefly Studios, desarrollador nominado al BAFTA, nos contact\u00f3 para que le di\u00e9semos m\u00e1s autenticidad a su \u00faltimo juego, Stronghold: Warlords, decidimos lanzarnos r\u00e1pidamente al nuevo proyecto.<\/p>\t\t\t\t\t\t\t\t<\/div>\n\t\t\t\t<\/div>\n\t\t\t\t\t<\/div>\n\t\t\t\t<\/div>\n\t\t<div class=\"elementor-element elementor-element-1252801e e-flex e-con-boxed e-con e-parent\" data-id=\"1252801e\" data-element_type=\"container\" data-e-type=\"container\" data-settings=\"{&quot;background_background&quot;:&quot;classic&quot;}\">\n\t\t\t\t\t<div class=\"e-con-inner\">\n\t\t\t\t<div class=\"elementor-element elementor-element-132058d7 elementor-widget elementor-widget-heading\" data-id=\"132058d7\" data-element_type=\"widget\" data-e-type=\"widget\" data-widget_type=\"heading.default\">\n\t\t\t\t<div class=\"elementor-widget-container\">\n\t\t\t\t\t<h2 class=\"elementor-heading-title elementor-size-default\">Enfoque en Asia<\/h2>\t\t\t\t<\/div>\n\t\t\t\t<\/div>\n\t\t\t\t<div class=\"elementor-element elementor-element-5907f5db elementor-widget elementor-widget-text-editor\" data-id=\"5907f5db\" data-element_type=\"widget\" data-e-type=\"widget\" data-widget_type=\"text-editor.default\">\n\t\t\t\t<div class=\"elementor-widget-container\">\n\t\t\t\t\t\t\t\t\t<p>A diferencia de t\u00edtulos anteriores, Stronghold: Warlords se centra principalmente en Asia, con eventos inspirados en acontecimientos hist\u00f3ricos de lo que hoy es China, Vietnam y Jap\u00f3n.<\/p><p>Dado que gran parte del juego se centra en Jap\u00f3n, la precisi\u00f3n hist\u00f3rica y el uso apropiado de los per\u00edodos japoneses fueron cruciales. Por ello, nos encargaron traducir el texto del juego, los di\u00e1logos y las voces en off de los PNJ para que las figuras hist\u00f3ricas japonesas hablaran en su lengua materna.<\/p>\t\t\t\t\t\t\t\t<\/div>\n\t\t\t\t<\/div>\n\t\t\t\t<div class=\"elementor-element elementor-element-6c02023f elementor-widget elementor-widget-spacer\" data-id=\"6c02023f\" data-element_type=\"widget\" data-e-type=\"widget\" data-widget_type=\"spacer.default\">\n\t\t\t\t<div class=\"elementor-widget-container\">\n\t\t\t\t\t\t\t<div class=\"elementor-spacer\">\n\t\t\t<div class=\"elementor-spacer-inner\"><\/div>\n\t\t<\/div>\n\t\t\t\t\t\t<\/div>\n\t\t\t\t<\/div>\n\t\t\t\t\t<\/div>\n\t\t\t\t<\/div>\n\t\t<div class=\"elementor-element elementor-element-67e8344c e-flex e-con-boxed e-con e-parent\" data-id=\"67e8344c\" data-element_type=\"container\" data-e-type=\"container\" data-settings=\"{&quot;background_background&quot;:&quot;classic&quot;}\">\n\t\t\t\t\t<div class=\"e-con-inner\">\n\t\t<div class=\"elementor-element elementor-element-edba547 e-con-full e-flex e-con e-child\" data-id=\"edba547\" data-element_type=\"container\" data-e-type=\"container\">\n\t\t\t\t<div class=\"elementor-element elementor-element-62704203 e-transform elementor-widget elementor-widget-image\" data-id=\"62704203\" data-element_type=\"widget\" data-e-type=\"widget\" data-settings=\"{&quot;_transform_translateX_effect_hover&quot;:{&quot;unit&quot;:&quot;px&quot;,&quot;size&quot;:2,&quot;sizes&quot;:[]},&quot;_transform_translateY_effect_hover&quot;:{&quot;unit&quot;:&quot;px&quot;,&quot;size&quot;:-2,&quot;sizes&quot;:[]},&quot;_transform_translateX_effect_hover_tablet&quot;:{&quot;unit&quot;:&quot;px&quot;,&quot;size&quot;:&quot;&quot;,&quot;sizes&quot;:[]},&quot;_transform_translateX_effect_hover_mobile&quot;:{&quot;unit&quot;:&quot;px&quot;,&quot;size&quot;:&quot;&quot;,&quot;sizes&quot;:[]},&quot;_transform_translateY_effect_hover_tablet&quot;:{&quot;unit&quot;:&quot;px&quot;,&quot;size&quot;:&quot;&quot;,&quot;sizes&quot;:[]},&quot;_transform_translateY_effect_hover_mobile&quot;:{&quot;unit&quot;:&quot;px&quot;,&quot;size&quot;:&quot;&quot;,&quot;sizes&quot;:[]}}\" data-widget_type=\"image.default\">\n\t\t\t\t<div class=\"elementor-widget-container\">\n\t\t\t\t\t\t\t\t\t\t\t\t\t\t\t<img fetchpriority=\"high\" decoding=\"async\" width=\"1024\" height=\"576\" src=\"https:\/\/www.stickyricegames.com\/wp-content\/uploads\/2025\/04\/strong1-1-1024x576.jpg\" class=\"attachment-large size-large wp-image-3339\" alt=\"\" srcset=\"https:\/\/www.stickyricegames.com\/wp-content\/uploads\/2025\/04\/strong1-1-1024x576.jpg 1024w, https:\/\/www.stickyricegames.com\/wp-content\/uploads\/2025\/04\/strong1-1-300x169.jpg 300w, https:\/\/www.stickyricegames.com\/wp-content\/uploads\/2025\/04\/strong1-1-768x432.jpg 768w, https:\/\/www.stickyricegames.com\/wp-content\/uploads\/2025\/04\/strong1-1-1536x864.jpg 1536w, https:\/\/www.stickyricegames.com\/wp-content\/uploads\/2025\/04\/strong1-1.jpg 1920w\" sizes=\"(max-width: 1024px) 100vw, 1024px\" \/>\t\t\t\t\t\t\t\t\t\t\t\t\t\t\t<\/div>\n\t\t\t\t<\/div>\n\t\t\t\t<\/div>\n\t\t<div class=\"elementor-element elementor-element-1c830768 e-con-full e-flex e-con e-child\" data-id=\"1c830768\" data-element_type=\"container\" data-e-type=\"container\">\n\t\t\t\t<div class=\"elementor-element elementor-element-4d0c73a elementor-widget elementor-widget-text-editor\" data-id=\"4d0c73a\" data-element_type=\"widget\" data-e-type=\"widget\" data-widget_type=\"text-editor.default\">\n\t\t\t\t<div class=\"elementor-widget-container\">\n\t\t\t\t\t\t\t\t\t<p class=\"elementor-heading-title elementor-size-default\">Localizaci\u00f3n de texto<\/p>\t\t\t\t\t\t\t\t<\/div>\n\t\t\t\t<\/div>\n\t\t\t\t<div class=\"elementor-element elementor-element-235fc4ee elementor-widget elementor-widget-text-editor\" data-id=\"235fc4ee\" data-element_type=\"widget\" data-e-type=\"widget\" data-widget_type=\"text-editor.default\">\n\t\t\t\t<div class=\"elementor-widget-container\">\n\t\t\t\t\t\t\t\t\t<div class=\"elementor-element elementor-element-449c1788 elementor-widget elementor-widget-heading\" data-id=\"449c1788\" data-element_type=\"widget\" data-widget_type=\"heading.default\"><div class=\"elementor-widget-container\"><p>Desde su anuncio durante el E3 de 2019, el desarrollo del juego continu\u00f3. Comenzamos la localizaci\u00f3n del texto y los di\u00e1logos de la interfaz de usuario en noviembre de 2020 para la fecha de lanzamiento prevista para el 9 de enero de 2021 (que finalmente se cambi\u00f3 al 9 de marzo de 2021 debido al tiempo adicional necesario para pulir la experiencia multijugador).<\/p><p>El juego base ten\u00eda m\u00e1s de 65\u00a0000 palabras para traducir del ingl\u00e9s al japon\u00e9s. Adem\u00e1s, proporcionamos traducciones de materiales relacionados con el juego, como comunicados de prensa, subt\u00edtulos de tr\u00e1ilers, publicaciones de la comunidad y diversos materiales de marketing.<\/p><\/div><\/div>\t\t\t\t\t\t\t\t<\/div>\n\t\t\t\t<\/div>\n\t\t\t\t<\/div>\n\t\t\t\t\t<\/div>\n\t\t\t\t<\/div>\n\t\t<div class=\"elementor-element elementor-element-499e369b e-flex e-con-boxed e-con e-parent\" data-id=\"499e369b\" data-element_type=\"container\" data-e-type=\"container\" data-settings=\"{&quot;background_background&quot;:&quot;classic&quot;}\">\n\t\t\t\t\t<div class=\"e-con-inner\">\n\t\t\t\t<div class=\"elementor-element elementor-element-23a7afbc elementor-widget elementor-widget-spacer\" data-id=\"23a7afbc\" data-element_type=\"widget\" data-e-type=\"widget\" data-widget_type=\"spacer.default\">\n\t\t\t\t<div class=\"elementor-widget-container\">\n\t\t\t\t\t\t\t<div class=\"elementor-spacer\">\n\t\t\t<div class=\"elementor-spacer-inner\"><\/div>\n\t\t<\/div>\n\t\t\t\t\t\t<\/div>\n\t\t\t\t<\/div>\n\t\t\t\t\t<\/div>\n\t\t\t\t<\/div>\n\t\t<div class=\"elementor-element elementor-element-c4ba9b2 e-flex e-con-boxed e-con e-parent\" data-id=\"c4ba9b2\" data-element_type=\"container\" data-e-type=\"container\" data-settings=\"{&quot;background_background&quot;:&quot;classic&quot;}\">\n\t\t\t\t\t<div class=\"e-con-inner\">\n\t\t<div class=\"elementor-element elementor-element-496f18d2 e-con-full e-flex e-con e-child\" data-id=\"496f18d2\" data-element_type=\"container\" data-e-type=\"container\">\n\t\t\t\t<div class=\"elementor-element elementor-element-2e9dc557 elementor-widget elementor-widget-text-editor\" data-id=\"2e9dc557\" data-element_type=\"widget\" data-e-type=\"widget\" data-widget_type=\"text-editor.default\">\n\t\t\t\t<div class=\"elementor-widget-container\">\n\t\t\t\t\t\t\t\t\t<p class=\"bdt-ep-advanced-heading-title\">Voz en off japonesa<\/p>\t\t\t\t\t\t\t\t<\/div>\n\t\t\t\t<\/div>\n\t\t\t\t<div class=\"elementor-element elementor-element-7bca2de9 elementor-widget elementor-widget-text-editor\" data-id=\"7bca2de9\" data-element_type=\"widget\" data-e-type=\"widget\" data-widget_type=\"text-editor.default\">\n\t\t\t\t<div class=\"elementor-widget-container\">\n\t\t\t\t\t\t\t\t\t<p>Para obtener resultados aut\u00e9nticos, nuestro equipo en Jap\u00f3n reuni\u00f3 a locutores locales y grab\u00f3 m\u00e1s de 2300 l\u00edneas de di\u00e1logo. Dado que este juego estaba finalizando su desarrollo durante el apogeo de la pandemia de COVID-19, las estrictas medidas de cuarentena obligaron al estudio de grabaci\u00f3n de locuci\u00f3n a implementar estrictas normas de control de multitudes y distanciamiento social.<\/p><p>Con solo un ingeniero de sonido y un locutor en el estudio de grabaci\u00f3n simult\u00e1neamente, lo que retras\u00f3 la finalizaci\u00f3n de los archivos, pudimos entregarlos a tiempo gracias al esfuerzo de todos los involucrados.<\/p>\t\t\t\t\t\t\t\t<\/div>\n\t\t\t\t<\/div>\n\t\t\t\t<\/div>\n\t\t<div class=\"elementor-element elementor-element-4c0ab08b e-con-full e-flex e-con e-child\" data-id=\"4c0ab08b\" data-element_type=\"container\" data-e-type=\"container\">\n\t\t\t\t<div class=\"elementor-element elementor-element-1ab36be6 elementor-widget elementor-widget-video\" data-id=\"1ab36be6\" data-element_type=\"widget\" data-e-type=\"widget\" data-settings=\"{&quot;youtube_url&quot;:&quot;https:\\\/\\\/www.youtube.com\\\/watch?v=5kAkpYFJ3xk&quot;,&quot;video_type&quot;:&quot;youtube&quot;,&quot;controls&quot;:&quot;yes&quot;}\" data-widget_type=\"video.default\">\n\t\t\t\t<div class=\"elementor-widget-container\">\n\t\t\t\t\t\t\t<div class=\"elementor-wrapper elementor-open-inline\">\n\t\t\t<div class=\"elementor-video\"><\/div>\t\t<\/div>\n\t\t\t\t\t\t<\/div>\n\t\t\t\t<\/div>\n\t\t\t\t<\/div>\n\t\t\t\t\t<\/div>\n\t\t\t\t<\/div>\n\t\t\t\t<\/div>\n\t\t","protected":false},"excerpt":{"rendered":"<p>Estudio de caso Stronghold: Warlords Tienda en l\u00ednea Localizaci\u00f3n: Localizaci\u00f3n al japon\u00e9s Marketing: idioma japon\u00e9s Stronghold es una venerable franquicia [&hellip;]<\/p>\n","protected":false},"author":2,"featured_media":0,"parent":0,"menu_order":0,"comment_status":"closed","ping_status":"closed","template":"","meta":{"site-sidebar-layout":"no-sidebar","site-content-layout":"page-builder","ast-site-content-layout":"full-width-container","site-content-style":"default","site-sidebar-style":"default","ast-global-header-display":"","ast-banner-title-visibility":"","ast-main-header-display":"","ast-hfb-above-header-display":"","ast-hfb-below-header-display":"","ast-hfb-mobile-header-display":"","site-post-title":"disabled","ast-breadcrumbs-content":"","ast-featured-img":"disabled","footer-sml-layout":"","theme-transparent-header-meta":"","adv-header-id-meta":"","stick-header-meta":"","header-above-stick-meta":"","header-main-stick-meta":"","header-below-stick-meta":"","astra-migrate-meta-layouts":"set","ast-page-background-enabled":"default","ast-page-background-meta":{"desktop":{"background-color":"","background-image":"","background-repeat":"repeat","background-position":"center center","background-size":"auto","background-attachment":"scroll","background-type":"","background-media":"","overlay-type":"","overlay-color":"","overlay-opacity":"","overlay-gradient":""},"tablet":{"background-color":"","background-image":"","background-repeat":"repeat","background-position":"center center","background-size":"auto","background-attachment":"scroll","background-type":"","background-media":"","overlay-type":"","overlay-color":"","overlay-opacity":"","overlay-gradient":""},"mobile":{"background-color":"","background-image":"","background-repeat":"repeat","background-position":"center center","background-size":"auto","background-attachment":"scroll","background-type":"","background-media":"","overlay-type":"","overlay-color":"","overlay-opacity":"","overlay-gradient":""}},"ast-content-background-meta":{"desktop":{"background-color":"var(--ast-global-color-5)","background-image":"","background-repeat":"repeat","background-position":"center center","background-size":"auto","background-attachment":"scroll","background-type":"","background-media":"","overlay-type":"","overlay-color":"","overlay-opacity":"","overlay-gradient":""},"tablet":{"background-color":"var(--ast-global-color-5)","background-image":"","background-repeat":"repeat","background-position":"center center","background-size":"auto","background-attachment":"scroll","background-type":"","background-media":"","overlay-type":"","overlay-color":"","overlay-opacity":"","overlay-gradient":""},"mobile":{"background-color":"var(--ast-global-color-5)","background-image":"","background-repeat":"repeat","background-position":"center center","background-size":"auto","background-attachment":"scroll","background-type":"","background-media":"","overlay-type":"","overlay-color":"","overlay-opacity":"","overlay-gradient":""}},"footnotes":""},"class_list":["post-3360","page","type-page","status-publish","hentry"],"_links":{"self":[{"href":"https:\/\/www.stickyricegames.com\/es\/wp-json\/wp\/v2\/pages\/3360","targetHints":{"allow":["GET"]}}],"collection":[{"href":"https:\/\/www.stickyricegames.com\/es\/wp-json\/wp\/v2\/pages"}],"about":[{"href":"https:\/\/www.stickyricegames.com\/es\/wp-json\/wp\/v2\/types\/page"}],"author":[{"embeddable":true,"href":"https:\/\/www.stickyricegames.com\/es\/wp-json\/wp\/v2\/users\/2"}],"replies":[{"embeddable":true,"href":"https:\/\/www.stickyricegames.com\/es\/wp-json\/wp\/v2\/comments?post=3360"}],"version-history":[{"count":4,"href":"https:\/\/www.stickyricegames.com\/es\/wp-json\/wp\/v2\/pages\/3360\/revisions"}],"predecessor-version":[{"id":3370,"href":"https:\/\/www.stickyricegames.com\/es\/wp-json\/wp\/v2\/pages\/3360\/revisions\/3370"}],"wp:attachment":[{"href":"https:\/\/www.stickyricegames.com\/es\/wp-json\/wp\/v2\/media?parent=3360"}],"curies":[{"name":"wp","href":"https:\/\/api.w.org\/{rel}","templated":true}]}}